{"id":98,"date":"2021-03-01T17:07:13","date_gmt":"2021-03-01T17:07:13","guid":{"rendered":"http:\/\/www.rybarikraskov.cz\/?page_id=98"},"modified":"2023-11-10T13:53:22","modified_gmt":"2023-11-10T12:53:22","slug":"fotogalerie","status":"publish","type":"page","link":"https:\/\/www.rybarikraskov.cz\/index.php\/fotogalerie\/","title":{"rendered":"Fotogalerie"},"content":{"rendered":"\n<ul class=\"wp-block-list\">\n<li><a href=\"http:\/\/www.rybarikraskov.cz\/index.php\/o-nas\/vyznamne-ulovky\/\">V\u00fdznamn\u00e9 \u00falovky<\/a><\/li>\n\n\n\n<li><a href=\"https:\/\/www.rybarikraskov.cz\/index.php\/aktuality\/brigada_jaro_2019\/\">Brig\u00e1da jaro 2019<\/a><\/li>\n\n\n\n<li><a href=\"https:\/\/www.rybarikraskov.cz\/index.php\/pece-o-vody\/\">P\u00e9\u010de o rybn\u00edky<\/a><\/li>\n\n\n\n<li><a href=\"http:\/\/www.rybarikraskov.cz\/index.php\/stalo-se\/\">Taky se u n\u00e1s stalo&#8230;<\/a><\/li>\n\n\n\n<li><a href=\"http:\/\/www.rybarikraskov.cz\/index.php\/zavody-mladez-2016\/\">Z\u00e1vody ml\u00e1de\u017ee 2016 &#8211; jaro\/podzim<\/a><\/li>\n\n\n\n<li><a href=\"http:\/\/www.rybarikraskov.cz\/index.php\/vylovy-2012\/\">V\u00fdlovy (2012)<\/a><\/li>\n\n\n\n<li><a href=\"https:\/\/www.rybarikraskov.cz\/index.php\/sazeni-stromu-2022\/\">S\u00e1zen\u00ed strom\u016f 2022<\/a><\/li>\n\n\n\n<li><a href=\"https:\/\/www.rybarikraskov.cz\/index.php\/vylovy-2022\/\">V\u00fdlovy 2022<\/a><\/li>\n\n\n\n<li><a href=\"https:\/\/www.rybarikraskov.cz\/index.php\/vylovy-2023\/\">V\u00fdlvoy 2023<\/a><\/li>\n<\/ul>\n\n\n<div class=\"wp-block-image\">\n<figure class=\"alignright size-large is-resized\"><img loading=\"lazy\" decoding=\"async\" width=\"480\" height=\"600\" src=\"https:\/\/www.rybarikraskov.cz\/wp-content\/uploads\/2021\/03\/fotograf-1.jpg\" alt=\"\" class=\"wp-image-419\" style=\"width:170px;height:212px\" srcset=\"https:\/\/www.rybarikraskov.cz\/wp-content\/uploads\/2021\/03\/fotograf-1.jpg 480w, https:\/\/www.rybarikraskov.cz\/wp-content\/uploads\/2021\/03\/fotograf-1-240x300.jpg 240w\" sizes=\"auto, (max-width: 480px) 100vw, 480px\" \/><\/figure>\n<\/div>\n\n\n<p><\/p>\n","protected":false},"excerpt":{"rendered":"","protected":false},"author":1,"featured_media":0,"parent":0,"menu_order":0,"comment_status":"closed","ping_status":"closed","template":"no-sidebar.php","meta":{"ngg_post_thumbnail":0,"footnotes":""},"class_list":["post-98","page","type-page","status-publish","hentry"],"_links":{"self":[{"href":"https:\/\/www.rybarikraskov.cz\/index.php\/wp-json\/wp\/v2\/pages\/98","targetHints":{"allow":["GET"]}}],"collection":[{"href":"https:\/\/www.rybarikraskov.cz\/index.php\/wp-json\/wp\/v2\/pages"}],"about":[{"href":"https:\/\/www.rybarikraskov.cz\/index.php\/wp-json\/wp\/v2\/types\/page"}],"author":[{"embeddable":true,"href":"https:\/\/www.rybarikraskov.cz\/index.php\/wp-json\/wp\/v2\/users\/1"}],"replies":[{"embeddable":true,"href":"https:\/\/www.rybarikraskov.cz\/index.php\/wp-json\/wp\/v2\/comments?post=98"}],"version-history":[{"count":16,"href":"https:\/\/www.rybarikraskov.cz\/index.php\/wp-json\/wp\/v2\/pages\/98\/revisions"}],"predecessor-version":[{"id":847,"href":"https:\/\/www.rybarikraskov.cz\/index.php\/wp-json\/wp\/v2\/pages\/98\/revisions\/847"}],"wp:attachment":[{"href":"https:\/\/www.rybarikraskov.cz\/index.php\/wp-json\/wp\/v2\/media?parent=98"}],"curies":[{"name":"wp","href":"https:\/\/api.w.org\/{rel}","templated":true}]}}