{"id":96,"date":"2021-02-27T11:35:20","date_gmt":"2021-02-27T11:35:20","guid":{"rendered":"http:\/\/www.rybarikraskov.cz\/?page_id=96"},"modified":"2025-03-26T11:54:40","modified_gmt":"2025-03-26T10:54:40","slug":"ke-stazeni","status":"publish","type":"page","link":"https:\/\/www.rybarikraskov.cz\/index.php\/ke-stazeni\/","title":{"rendered":"Ke sta\u017een\u00ed"},"content":{"rendered":"\n<p> <strong><a href=\"http:\/\/www.rybarikraskov.cz\/wp-content\/uploads\/2024\/01\/rad_2024_final.pdf\" data-type=\"URL\" target=\"_blank\" rel=\"noreferrer noopener\">Ryb\u00e1\u0159sk\u00fd \u0159\u00e1d platn\u00fd od 1.4.2024<\/a><\/strong><a href=\"http:\/\/www.rybarikraskov.cz\/wp-content\/uploads\/2024\/01\/rad_2024_final.pdf\" data-type=\"URL\" target=\"_blank\" rel=\"noreferrer noopener\"> <\/a>&#8211; Pro n\u00e1\u0161 rev\u00edr plat\u00ed pouze m\u00edstn\u00ed ryb\u00e1\u0159sk\u00fd \u0159\u00e1d!<\/p>\n\n\n\n<p><a href=\"http:\/\/www.rybarikraskov.cz\/wp-content\/uploads\/2025\/03\/Doplnek-k-RR-2024.pdf\"><strong>Dodatek k R\u0158<\/strong><\/a> &#8211; v\u00fdjika lovu Sumce &#8211; 2024<\/p>\n\n\n\n<p><img loading=\"lazy\" decoding=\"async\" width=\"50\" height=\"26\" class=\"wp-image-306\" style=\"width: 50px;\" src=\"http:\/\/www.rybarikraskov.cz\/wp-content\/uploads\/2021\/03\/new-e1614668665253.png\" alt=\"\"><a href=\"http:\/\/www.rybarikraskov.cz\/wp-content\/uploads\/2025\/03\/Doplnek-k-RR-2025.pdf\"><strong>Dodatek k R\u0158<\/strong><\/a> &#8211; povinnosti pou\u017eit\u00ed podlo\u017eky &#8211; 2025<\/p>\n\n\n\n<p><strong><a href=\"https:\/\/www.rybarikraskov.cz\/index.php\/vyplnte-zadost-o-prestup-do-nasi-mo\/\" target=\"_blank\" rel=\"noreferrer noopener\">\u017d\u00e1dost o p\u0159estup<\/a><\/strong> &#8211; Nov\u011b elektronicky prost\u0159ednictv\u00edm formul\u00e1\u0159e<\/p>\n\n\n\n<p><\/p>\n","protected":false},"excerpt":{"rendered":"<p>Ryb\u00e1\u0159sk\u00fd \u0159\u00e1d platn\u00fd od 1.4.2024 &#8211; Pro n\u00e1\u0161 rev\u00edr plat\u00ed pouze m\u00edstn\u00ed ryb\u00e1\u0159sk\u00fd \u0159\u00e1d! Dodatek k R\u0158 &#8211; v\u00fdjika lovu Sumce &#8211; 2024 Dodatek k R\u0158 &#8211; povinnosti pou\u017eit\u00ed podlo\u017eky &#8211; 2025 \u017d\u00e1dost o p\u0159estup &#8211; Nov\u011b elektronicky prost\u0159ednictv\u00edm formul\u00e1\u0159e<\/p>\n","protected":false},"author":1,"featured_media":0,"parent":0,"menu_order":0,"comment_status":"closed","ping_status":"closed","template":"","meta":{"ngg_post_thumbnail":0,"footnotes":""},"class_list":["post-96","page","type-page","status-publish","hentry"],"_links":{"self":[{"href":"https:\/\/www.rybarikraskov.cz\/index.php\/wp-json\/wp\/v2\/pages\/96","targetHints":{"allow":["GET"]}}],"collection":[{"href":"https:\/\/www.rybarikraskov.cz\/index.php\/wp-json\/wp\/v2\/pages"}],"about":[{"href":"https:\/\/www.rybarikraskov.cz\/index.php\/wp-json\/wp\/v2\/types\/page"}],"author":[{"embeddable":true,"href":"https:\/\/www.rybarikraskov.cz\/index.php\/wp-json\/wp\/v2\/users\/1"}],"replies":[{"embeddable":true,"href":"https:\/\/www.rybarikraskov.cz\/index.php\/wp-json\/wp\/v2\/comments?post=96"}],"version-history":[{"count":26,"href":"https:\/\/www.rybarikraskov.cz\/index.php\/wp-json\/wp\/v2\/pages\/96\/revisions"}],"predecessor-version":[{"id":1018,"href":"https:\/\/www.rybarikraskov.cz\/index.php\/wp-json\/wp\/v2\/pages\/96\/revisions\/1018"}],"wp:attachment":[{"href":"https:\/\/www.rybarikraskov.cz\/index.php\/wp-json\/wp\/v2\/media?parent=96"}],"curies":[{"name":"wp","href":"https:\/\/api.w.org\/{rel}","templated":true}]}}