{"id":8,"date":"2021-02-26T18:30:54","date_gmt":"2021-02-26T18:30:54","guid":{"rendered":"http:\/\/www.rybarikraskov.cz\/?page_id=8"},"modified":"2025-06-11T07:38:05","modified_gmt":"2025-06-11T06:38:05","slug":"kontakt","status":"publish","type":"page","link":"https:\/\/www.rybarikraskov.cz\/index.php\/kontakt\/","title":{"rendered":"Kontakty"},"content":{"rendered":"\n<h2 class=\"wp-block-heading has-accent-color has-text-color\" style=\"font-size:20px\"><strong>Koresponden\u010dn\u00ed adresa<\/strong>:<\/h2>\n\n\n\n<p class=\"has-normal-font-size\">MO \u010cRS, z.s. Prachovice se s\u00eddlem v T\u0159emo\u0161nici<\/p>\n\n\n\n<p class=\"has-normal-font-size\">Budovatel\u016f 184<\/p>\n\n\n\n<p class=\"has-normal-font-size\">538 43 T\u0159emo\u0161nice<\/p>\n\n\n\n<p class=\"has-normal-font-size\">I\u010c: 15052338<\/p>\n\n\n\n<p class=\"has-accent-color has-text-color\" style=\"font-size:20px\"><strong>Telefony:<\/strong><\/p>\n\n\n\n<ul class=\"wp-block-list\">\n<li>606 512 609 &#8211; Milo\u0161 Magera &#8211; p\u0159edseda<\/li>\n\n\n\n<li>777 590 017 &#8211; Ladislav Novotn\u00fd &#8211; jednatel<\/li>\n\n\n\n<li>731 064 136 &#8211; Ji\u0159\u00ed Machota &#8211; hospod\u00e1\u0159<\/li>\n\n\n\n<li>604 191 494 &#8211; Milan Pol\u00e1k &#8211; ekonom, prodej ro\u010dn\u00edch hostovac\u00edch povolenek<\/li>\n\n\n\n<li>776 689 328 &#8211; Prodej t\u00fddenn\u00edch povolenek<\/li>\n\n\n\n<li><strong>737 016 010 &#8211; Jaroslav Vir\u00e1g &#8211; spr\u00e1vce n\u00e1\u0159ad\u00ed &#8211; p\u016fj\u010dov\u00e1n\u00ed techniky<\/strong><\/li>\n<\/ul>\n\n\n\n<h2 class=\"wp-block-heading has-accent-color has-text-color\" style=\"font-size:20px\">Mail:<\/h2>\n\n\n\n<ul class=\"wp-block-list\">\n<li>jednatel@rybarikraskov.cz<\/li>\n<\/ul>\n\n\n<div id=\"wpgmza_map\" class=\"wpgmza_map\" data-settings='{\"id\":\"1\",\"map_title\":\"Pekelsk\\u00e9 rybn\\u00edky\",\"map_width\":\"100\",\"map_height\":\"300\",\"map_start_lat\":\"49.8678507896102\",\"map_start_lng\":\"15.611278218959303\",\"map_start_location\":\"45.950464398418106,-109.81550500000003\",\"map_start_zoom\":\"15\",\"default_marker\":\"\",\"type\":\"1\",\"alignment\":\"4\",\"directions_enabled\":\"0\",\"styling_enabled\":\"0\",\"styling_json\":\"\",\"active\":\"0\",\"kml\":\"\",\"bicycle\":\"0\",\"traffic\":\"0\",\"dbox\":\"0\",\"dbox_width\":\"\",\"listmarkers\":\"0\",\"listmarkers_advanced\":\"0\",\"filterbycat\":\"0\",\"ugm_enabled\":\"0\",\"ugm_category_enabled\":\"0\",\"fusion\":\"\",\"map_width_type\":\"%\",\"map_height_type\":\"px\",\"mass_marker_support\":\"0\",\"ugm_access\":\"0\",\"order_markers_by\":\"0\",\"order_markers_choice\":\"0\",\"show_user_location\":\"0\",\"default_to\":\"\",\"other_settings\":{\"map_type\":1,\"sl_stroke_color\":\"\",\"sl_fill_color\":\"\",\"sl_stroke_opacity\":\"\",\"sl_fill_opacity\":\"\",\"transport_layer\":false,\"action\":\"wpgmza_save_map\",\"redirect_to\":\"\\\/wp-admin\\\/admin-post.php\",\"map_id\":\"1\",\"http_referer\":\"\\\/wp-admin\\\/admin.php?page=wp-google-maps-menu&amp;action=edit&amp;map_id=1\",\"wpgmza_id\":\"1\",\"wpgmza_start_location\":\"49.8678507896102,15.611278218959303\",\"wpgmza_start_zoom\":\"15\",\"wpgmza_theme_data\":\"\",\"store_locator_enabled\":false,\"store_locator_search_area\":\"radial\",\"wpgmza_store_locator_radius_style\":\"legacy\",\"wpgmza_store_locator_default_radius\":\"10\",\"store_locator_auto_area_max_zoom\":\"\",\"store_locator_distance\":false,\"wpgmza_store_locator_position\":false,\"store_locator_show_distance\":false,\"store_locator_category\":false,\"wpgmza_store_locator_use_their_location\":false,\"wpgmza_store_locator_bounce\":false,\"wpgmza_sl_animation\":null,\"wpgmza_store_locator_hide_before_search\":false,\"store_locator_query_string\":\"\",\"store_locator_default_address\":\"\",\"store_locator_name_search\":false,\"store_locator_name_string\":\"\",\"store_locator_not_found_message\":\"\",\"wpgmza_map_align\":\"1\",\"jump_to_nearest_marker_on_initialization\":false,\"automatically_pan_to_users_location\":false,\"override_users_location_zoom_level\":false,\"override_users_location_zoom_levels\":\"\",\"show_distance_from_location\":false,\"map_max_zoom\":\"21\",\"map_min_zoom\":\"0\",\"click_open_link\":false,\"fit_maps_bounds_to_markers\":false,\"fit_maps_bounds_to_markers_after_filtering\":false,\"hide_point_of_interest\":false,\"wpgmza_zoom_on_marker_click\":false,\"wpgmza_zoom_on_marker_click_slider\":\"\",\"close_infowindow_on_map_click\":false,\"disable_lightbox_images\":false,\"use_Raw_Jpeg_Coordinates\":false,\"polygon_labels\":false,\"disable_polygon_info_windows\":false,\"enable_marker_ratings\":false,\"only_load_markers_within_viewport\":false,\"iw_primary_color\":\"\",\"iw_accent_color\":\"\",\"iw_text_color\":\"\",\"wpgmza_listmarkers_by\":\"0\",\"wpgmza_marker_listing_position\":false,\"wpgmza_push_in_map\":false,\"wpgmza_push_in_map_placement\":null,\"wpgmza_push_in_map_width\":\"\",\"wpgmza_push_in_map_height\":\"\",\"datatable_no_result_message\":\"\",\"remove_search_box_datables\":false,\"dataTable_pagination_style\":null,\"datatable_search_string\":\"\",\"datatable_result_start\":\"\",\"datatable_result_of\":\"\",\"datatable_result_to\":\"\",\"datatable_result_total\":\"\",\"datatable_result_show\":\"\",\"datatable_result_entries\":\"\",\"wpgmza_savemap\":\"Save Map \\u00bb\"}}' data-map-id='1' Data-maps-engine='google-maps' data-shortcode-attributes='{\"id\":\"1\"}' style=\"display:block; overflow:auto; width:100%; height:300px; float:left;\"><\/div>\n","protected":false},"excerpt":{"rendered":"<p>Koresponden\u010dn\u00ed adresa: MO \u010cRS, z.s. Prachovice se s\u00eddlem v T\u0159emo\u0161nici Budovatel\u016f 184 538 43 T\u0159emo\u0161nice I\u010c: 15052338 Telefony: Mail:<\/p>\n","protected":false},"author":1,"featured_media":0,"parent":0,"menu_order":0,"comment_status":"closed","ping_status":"closed","template":"","meta":{"ngg_post_thumbnail":0,"footnotes":""},"class_list":["post-8","page","type-page","status-publish","hentry"],"_links":{"self":[{"href":"https:\/\/www.rybarikraskov.cz\/index.php\/wp-json\/wp\/v2\/pages\/8","targetHints":{"allow":["GET"]}}],"collection":[{"href":"https:\/\/www.rybarikraskov.cz\/index.php\/wp-json\/wp\/v2\/pages"}],"about":[{"href":"https:\/\/www.rybarikraskov.cz\/index.php\/wp-json\/wp\/v2\/types\/page"}],"author":[{"embeddable":true,"href":"https:\/\/www.rybarikraskov.cz\/index.php\/wp-json\/wp\/v2\/users\/1"}],"replies":[{"embeddable":true,"href":"https:\/\/www.rybarikraskov.cz\/index.php\/wp-json\/wp\/v2\/comments?post=8"}],"version-history":[{"count":17,"href":"https:\/\/www.rybarikraskov.cz\/index.php\/wp-json\/wp\/v2\/pages\/8\/revisions"}],"predecessor-version":[{"id":1047,"href":"https:\/\/www.rybarikraskov.cz\/index.php\/wp-json\/wp\/v2\/pages\/8\/revisions\/1047"}],"wp:attachment":[{"href":"https:\/\/www.rybarikraskov.cz\/index.php\/wp-json\/wp\/v2\/media?parent=8"}],"curies":[{"name":"wp","href":"https:\/\/api.w.org\/{rel}","templated":true}]}}