{"id":7,"date":"2021-02-26T18:30:54","date_gmt":"2021-02-26T18:30:54","guid":{"rendered":"http:\/\/www.rybarikraskov.cz\/?page_id=7"},"modified":"2021-03-01T17:45:19","modified_gmt":"2021-03-01T17:45:19","slug":"o-nas","status":"publish","type":"page","link":"https:\/\/www.rybarikraskov.cz\/index.php\/o-nas\/","title":{"rendered":"N\u011bco m\u00e1lo &#8222;O n\u00e1s&#8220;"},"content":{"rendered":"\n<h2 class=\"wp-block-heading\">Nejprve n\u011bco z historie<\/h2>\n\n\n\n<p>Roku 1965 se rozhodlo 50 ryb\u00e1\u0159\u016f zalo\u017eit MO \u010cRS a zvolilo ze sv\u00e9ho st\u0159edu dev\u011bt \u010dlen\u016f p\u0159ipraven\u00e9ho v\u00fdboru, kter\u00fd po\u017e\u00e1dal KV \u010cRS Hradec Kr\u00e1lov\u00e9 o registraci MO Prachovice. Prvn\u00edm p\u0159edsedou byl zvolen ob\u010dan Prachovic Miroslav Musil. \u010clenem v\u00fdboru byl dal\u0161\u00ed ob\u010dan Prachovic Ji\u0159\u00ed Mach\u00e1\u010dek star\u0161\u00ed. \u010cRS pro\u0161el za ta l\u00e9ta mnoha zm\u011bnami. V roce 1975 se samostatn\u011b hospoda\u0159\u00edc\u00ed organizace seskupily do spole\u010dn\u00e9ho hospoda\u0159en\u00ed pod n\u00e1zvem &#8222;Krajsk\u00e9 hospoda\u0159en\u00ed&#8220;. Po tomto seskupen\u00ed se na\u0161e organizace dostala do obt\u00ed\u017en\u00e9 situace se zarybn\u011bn\u00edm sportovn\u00ed vody. Proto se tehdej\u0161\u00ed v\u00fdbor rozhodl v roce 1979 spojit s MO P\u0159elou\u010d. T\u00edm se ale stalo, \u017ee zanikla MO Prachovice a z\u016fstala jen MS Prachovice. P\u0159edsedou MS se stal p\u0159\u00edtel Vrbick\u00fd z T\u0159emo\u0161nice. Takto se hospoda\u0159ilo a\u017e do roku 1989. Politick\u00e9 zm\u011bny v roce 1989 p\u0159im\u011bly i na\u0161i MS, aby vyu\u017eila situace a v\u00fdbor po\u017e\u00e1dal MO P\u0159elou\u010d a KV \u010cRS Hradec Kr\u00e1lov\u00e9 o osamostatn\u011bn\u00ed. \u010clensk\u00e1 z\u00e1kladna po zv\u00e1\u017een\u00ed v\u0161ech okolnost\u00ed jednomysln\u011b odsouhlasila tento z\u00e1m\u011br. V roce 1990 na ustavuj\u00edc\u00ed sch\u016fzi KV \u010cRS Ing. Hol\u00fd z pov\u011b\u0159en\u00ed krajsk\u00e9ho v\u00fdboru jmenoval op\u011bt samostatn\u011b hospoda\u0159\u00edc\u00ed organizaci s n\u00e1zvem MO Prachovice se s\u00eddlem v T\u0159emo\u0161nici. Nov\u00fdm p\u0159edsedou se stal dlouholet\u00fd \u010dlen v\u00fdboru p\u0159\u00edtel Josef Je\u0159\u00e1bek z T\u0159emo\u0161nice. Organizace za\u010d\u00ednala s 50 \u010dleny. Nyn\u00ed tvo\u0159\u00ed na\u0161i MO okolo 220 \u010dlen\u016f a 20-25 d\u011bt\u00ed. Jsou to p\u0159edev\u0161\u00edm ob\u010dan\u00e9 z Prachovic, T\u0159emo\u0161nice a bl\u00edzk\u00e9ho okol\u00ed. V\u00fdznamnou \u010d\u00e1st \u010dinnosti na\u0161\u00ed MO tvo\u0159\u00ed pr\u00e1ce s ml\u00e1de\u017e\u00ed, kter\u00e9 je v\u011bnov\u00e1na velk\u00e1 pozornost. Tato pr\u00e1ce vede nejen k v\u00fdchov\u011b dobr\u00fdch ryb\u00e1\u0159\u016f, ale p\u011bstuje u mlad\u00fdch lid\u00ed l\u00e1sku p\u0159\u00edrod\u011b.<\/p>\n\n\n\n<h2 class=\"wp-block-heading\">Sou\u010dasnost<\/h2>\n\n\n\n<p>M\u00edstn\u00ed organizace Prachovice se s\u00eddlem v T\u0159emo\u0161nici je samostatn\u011b hospoda\u0159\u00edc\u00ed organizace \u010cRS. Ke sportovn\u00edmu rybolovu vyu\u017e\u00edv\u00e1me rev\u00edr 451 365 Pekelsk\u00fd potok 1A . Do tohoto rev\u00edru spadaj\u00ed dva rybn\u00edky Horn\u00ed a Doln\u00ed Pekelsk\u00fd o celkov\u00e9 rozloze 17ha (Doln\u00ed 9ha + Horn\u00ed 8ha). N\u00e1dr\u017ee se nach\u00e1z\u00ed v t\u011bsn\u00e9 bl\u00edzkosti \u017delezn\u00fdch hor. N\u00e1sady ryb do sportovn\u00edho rev\u00edru z velk\u00e9 \u010d\u00e1sti chov\u00e1me sami. A to zejm\u00e9na kapra, \u0161tiku a l\u00edna. Ostatn\u00ed druhy ryb nakupujeme, jako nap\u0159\u00edklad ka\u017edoro\u010dn\u011b cand\u00e1ta, amura a \u00faho\u0159\u00ed mont\u00e9 a dal\u0161\u00ed.&nbsp;&nbsp;<\/p>\n\n\n\n<p>\u00a0\u00a0\u00a0\u00a0\u00a0 V\u00edce informac\u00ed se dozv\u00edte v ryb\u00e1\u0159sk\u00e9m \u0159\u00e1du, kter\u00fd si m\u016f\u017ee st\u00e1hnout na str\u00e1nce &#8222;Ke sta\u017een\u00ed&#8220; Na tomto webu se d\u00e1le m\u016f\u017eete dozv\u011bd\u011bt o r\u016fzn\u00fdch aktu\u00e1ln\u00edch akc\u00edch pro na\u0161e \u010dleny a n\u011bjak\u00e9 fotografie z na\u0161eho okol\u00ed. Zb\u00fdv\u00e1 jen pop\u0159\u00e1t \u0161\u0165astn\u00fd lov\u00a0a<\/p>\n\n\n\n<p>&nbsp;&nbsp;&nbsp;&nbsp;&nbsp;&nbsp;&nbsp;&nbsp;&nbsp;&nbsp;&nbsp;&nbsp;&nbsp;&nbsp;&nbsp;&nbsp;&nbsp;&nbsp;&nbsp;&nbsp;&nbsp;&nbsp;&nbsp;&nbsp;&nbsp;&nbsp;&nbsp;&nbsp;&nbsp;&nbsp;&nbsp;&nbsp;&nbsp;&nbsp;&nbsp;&nbsp;&nbsp;&nbsp;&nbsp;&nbsp;&nbsp;&nbsp;&nbsp;&nbsp;&nbsp;&nbsp;&nbsp;&nbsp;&nbsp;&nbsp;&nbsp;&nbsp;&nbsp;&nbsp;&nbsp;&nbsp;&nbsp;&nbsp;&nbsp; &nbsp;&nbsp;&nbsp; &#8222;Petr\u016fv Zdar&#8220;<\/p>\n","protected":false},"excerpt":{"rendered":"<p>Nejprve n\u011bco z historie Roku 1965 se rozhodlo 50 ryb\u00e1\u0159\u016f zalo\u017eit MO \u010cRS a zvolilo ze sv\u00e9ho st\u0159edu dev\u011bt \u010dlen\u016f p\u0159ipraven\u00e9ho v\u00fdboru, kter\u00fd po\u017e\u00e1dal KV \u010cRS Hradec Kr\u00e1lov\u00e9 o registraci MO Prachovice. Prvn\u00edm p\u0159edsedou byl zvolen ob\u010dan Prachovic Miroslav Musil. &#8230; <a class=\"more-link\" href=\"https:\/\/www.rybarikraskov.cz\/index.php\/o-nas\/\">\u010c\u00edst v\u00edce &raquo;<\/a><\/p>\n","protected":false},"author":1,"featured_media":0,"parent":0,"menu_order":0,"comment_status":"closed","ping_status":"closed","template":"","meta":{"ngg_post_thumbnail":0,"footnotes":""},"class_list":["post-7","page","type-page","status-publish","hentry"],"_links":{"self":[{"href":"https:\/\/www.rybarikraskov.cz\/index.php\/wp-json\/wp\/v2\/pages\/7","targetHints":{"allow":["GET"]}}],"collection":[{"href":"https:\/\/www.rybarikraskov.cz\/index.php\/wp-json\/wp\/v2\/pages"}],"about":[{"href":"https:\/\/www.rybarikraskov.cz\/index.php\/wp-json\/wp\/v2\/types\/page"}],"author":[{"embeddable":true,"href":"https:\/\/www.rybarikraskov.cz\/index.php\/wp-json\/wp\/v2\/users\/1"}],"replies":[{"embeddable":true,"href":"https:\/\/www.rybarikraskov.cz\/index.php\/wp-json\/wp\/v2\/comments?post=7"}],"version-history":[{"count":6,"href":"https:\/\/www.rybarikraskov.cz\/index.php\/wp-json\/wp\/v2\/pages\/7\/revisions"}],"predecessor-version":[{"id":234,"href":"https:\/\/www.rybarikraskov.cz\/index.php\/wp-json\/wp\/v2\/pages\/7\/revisions\/234"}],"wp:attachment":[{"href":"https:\/\/www.rybarikraskov.cz\/index.php\/wp-json\/wp\/v2\/media?parent=7"}],"curies":[{"name":"wp","href":"https:\/\/api.w.org\/{rel}","templated":true}]}}